{"id":2221,"date":"2024-04-02T10:54:15","date_gmt":"2024-04-02T10:54:15","guid":{"rendered":"https:\/\/www.lugadero.com\/?page_id=2221"},"modified":"2024-04-02T11:00:31","modified_gmt":"2024-04-02T11:00:31","slug":"3723n559w","status":"publish","type":"page","link":"https:\/\/www.lugadero.com\/es\/3723n559w\/","title":{"rendered":"37\u00ba23&#8217;N 5\u00ba59&#8217;W"},"content":{"rendered":"<div data-elementor-type=\"wp-page\" data-elementor-id=\"2221\" class=\"elementor elementor-2221\">\n\t\t\t\t\t\t<section data-particle_enable=\"false\" data-particle-mobile-disabled=\"false\" class=\"elementor-section elementor-top-section elementor-element elementor-element-9d71437 elementor-section-full_width elementor-section-height-min-height elementor-section-items-top elementor-section-height-default wpr-particle-no wpr-jarallax-no wpr-parallax-no\" data-id=\"9d71437\" data-element_type=\"section\" data-settings=\"{&quot;background_background&quot;:&quot;classic&quot;}\">\n\t\t\t\t\t\t<div class=\"elementor-container elementor-column-gap-default\">\n\t\t\t\t\t<div class=\"elementor-column elementor-col-100 elementor-top-column elementor-element elementor-element-0d015e6\" data-id=\"0d015e6\" data-element_type=\"column\">\n\t\t\t<div class=\"elementor-widget-wrap elementor-element-populated\">\n\t\t\t\t\t\t<div class=\"elementor-element elementor-element-99d3428 elementor-widget elementor-widget-image\" data-id=\"99d3428\" data-element_type=\"widget\" data-widget_type=\"image.default\">\n\t\t\t\t<div class=\"elementor-widget-container\">\n\t\t\t\t\t\t\t\t\t\t\t\t\t\t<a href=\"https:\/\/www.lugadero.com\/es\/\">\n\t\t\t\t\t\t\t<img fetchpriority=\"high\" decoding=\"async\" width=\"2329\" height=\"310\" src=\"https:\/\/www.lugadero.com\/wp-content\/uploads\/2021\/08\/lugadero-logo-white.png\" class=\"attachment-full size-full wp-image-69\" alt=\"\" srcset=\"https:\/\/www.lugadero.com\/wp-content\/uploads\/2021\/08\/lugadero-logo-white.png 2329w, https:\/\/www.lugadero.com\/wp-content\/uploads\/2021\/08\/lugadero-logo-white-300x40.png 300w, https:\/\/www.lugadero.com\/wp-content\/uploads\/2021\/08\/lugadero-logo-white-1024x136.png 1024w, https:\/\/www.lugadero.com\/wp-content\/uploads\/2021\/08\/lugadero-logo-white-768x102.png 768w, https:\/\/www.lugadero.com\/wp-content\/uploads\/2021\/08\/lugadero-logo-white-1536x204.png 1536w, https:\/\/www.lugadero.com\/wp-content\/uploads\/2021\/08\/lugadero-logo-white-2048x273.png 2048w\" sizes=\"(max-width: 2329px) 100vw, 2329px\" \/>\t\t\t\t\t\t\t\t<\/a>\n\t\t\t\t\t\t\t\t\t\t\t\t\t<\/div>\n\t\t\t\t<\/div>\n\t\t\t\t\t<\/div>\n\t\t<\/div>\n\t\t\t\t\t<\/div>\n\t\t<\/section>\n\t\t\t\t<section data-particle_enable=\"false\" data-particle-mobile-disabled=\"false\" class=\"elementor-section elementor-top-section elementor-element elementor-element-ce7bd1e elementor-section-full_width elementor-section-height-default elementor-section-height-default wpr-particle-no wpr-jarallax-no wpr-parallax-no wpr-sticky-section-no elementor-invisible\" data-id=\"ce7bd1e\" data-element_type=\"section\" data-settings=\"{&quot;animation&quot;:&quot;slideInUp&quot;}\">\n\t\t\t\t\t\t<div class=\"elementor-container elementor-column-gap-default\">\n\t\t\t\t\t<div class=\"elementor-column elementor-col-50 elementor-top-column elementor-element elementor-element-c923145\" data-id=\"c923145\" data-element_type=\"column\">\n\t\t\t<div class=\"elementor-widget-wrap elementor-element-populated\">\n\t\t\t\t\t\t<div class=\"elementor-element elementor-element-7d88dcd elementor-widget elementor-widget-text-editor\" data-id=\"7d88dcd\" data-element_type=\"widget\" data-widget_type=\"text-editor.default\">\n\t\t\t\t<div class=\"elementor-widget-container\">\n\t\t\t\t\t\t\t<p>37\u00ba23N 5\u00ba59W Contemporary Seville Architecture\u00a0 2000-2010<\/p>\t\t\t\t\t\t<\/div>\n\t\t\t\t<\/div>\n\t\t\t\t\t<\/div>\n\t\t<\/div>\n\t\t\t\t<div class=\"elementor-column elementor-col-50 elementor-top-column elementor-element elementor-element-519e3f3\" data-id=\"519e3f3\" data-element_type=\"column\">\n\t\t\t<div class=\"elementor-widget-wrap elementor-element-populated\">\n\t\t\t\t\t\t<div class=\"elementor-element elementor-element-df6dce2 elementor-widget elementor-widget-text-editor\" data-id=\"df6dce2\" data-element_type=\"widget\" data-widget_type=\"text-editor.default\">\n\t\t\t\t<div class=\"elementor-widget-container\">\n\t\t\t\t\t\t\t<p>A journey through the city of Seville during the first decade of the 21st century, through 121 works by the most influential national and international architects of contemporaneity.<\/p>\t\t\t\t\t\t<\/div>\n\t\t\t\t<\/div>\n\t\t\t\t<div class=\"elementor-element elementor-element-cd1e627 elementor-widget elementor-widget-image\" data-id=\"cd1e627\" data-element_type=\"widget\" data-widget_type=\"image.default\">\n\t\t\t\t<div class=\"elementor-widget-container\">\n\t\t\t\t\t\t\t\t\t\t\t\t\t<img decoding=\"async\" width=\"1500\" height=\"1028\" src=\"https:\/\/www.lugadero.com\/wp-content\/uploads\/2024\/04\/Lugadero_3723N559W_01.jpeg\" class=\"attachment-full size-full wp-image-2227\" alt=\"\" srcset=\"https:\/\/www.lugadero.com\/wp-content\/uploads\/2024\/04\/Lugadero_3723N559W_01.jpeg 1500w, https:\/\/www.lugadero.com\/wp-content\/uploads\/2024\/04\/Lugadero_3723N559W_01-300x206.jpeg 300w, https:\/\/www.lugadero.com\/wp-content\/uploads\/2024\/04\/Lugadero_3723N559W_01-1024x702.jpeg 1024w, https:\/\/www.lugadero.com\/wp-content\/uploads\/2024\/04\/Lugadero_3723N559W_01-768x526.jpeg 768w\" sizes=\"(max-width: 1500px) 100vw, 1500px\" \/>\t\t\t\t\t\t\t\t\t\t\t\t\t<\/div>\n\t\t\t\t<\/div>\n\t\t\t\t\t<\/div>\n\t\t<\/div>\n\t\t\t\t\t<\/div>\n\t\t<\/section>\n\t\t\t\t<section data-particle_enable=\"false\" data-particle-mobile-disabled=\"false\" class=\"elementor-section elementor-top-section elementor-element elementor-element-150df59 elementor-section-full_width elementor-section-height-default elementor-section-height-default wpr-particle-no wpr-jarallax-no wpr-parallax-no wpr-sticky-section-no elementor-invisible\" data-id=\"150df59\" data-element_type=\"section\" data-settings=\"{&quot;animation&quot;:&quot;slideInUp&quot;}\">\n\t\t\t\t\t\t<div class=\"elementor-container elementor-column-gap-default\">\n\t\t\t\t\t<div class=\"elementor-column elementor-col-50 elementor-top-column elementor-element elementor-element-08da719\" data-id=\"08da719\" data-element_type=\"column\">\n\t\t\t<div class=\"elementor-widget-wrap\">\n\t\t\t\t\t\t\t<\/div>\n\t\t<\/div>\n\t\t\t\t<div class=\"elementor-column elementor-col-50 elementor-top-column elementor-element elementor-element-58fab60\" data-id=\"58fab60\" data-element_type=\"column\">\n\t\t\t<div class=\"elementor-widget-wrap elementor-element-populated\">\n\t\t\t\t\t\t<div class=\"elementor-element elementor-element-5243fe9 elementor-widget elementor-widget-text-editor\" data-id=\"5243fe9\" data-element_type=\"widget\" data-widget_type=\"text-editor.default\">\n\t\t\t\t<div class=\"elementor-widget-container\">\n\t\t\t\t\t\t\t<p>This exhibition showcases numerous examples of current architecture, from young local architects to those already established such as Guillermo V\u00e1zquez Consuegra, Cruz y Ortiz, MGM, or Santiago Cirugeda. It also highlights the presence of studios with proven international projection such as Miralles Tagliabue EMBT, Rafael de la Hoz, Nieto y Sobejano, El\u00edas Torres-Mart\u00ednez Lape\u00f1a, Juergen Mayer, Richard Rogers, or Zaha Hadid, among many others. Seville reappears on the scene after a long period of assimilation of architectural and infrastructural manifestations carried out on the occasion of the EXPO\u201992, through which the city was substantially transformed in its morphology and functioning as a metropolis. The first decade of the 21st century has been a period of paradigmatic projects of great significance and urban changes mainly related to mobility and public space.\u00a0<\/p><p>Seville has been a prolific stage for architecture over the last decade. This exhibition consists of the digital display of the works collected in the printed guide. Through digital frames, the buildings are described through different images and recordings of the same. These frames are inserted into wooden boxes, generated through digital fabrication, milled and screen-printed with lasers, which are organized forming hexagons until they colonize the exhibition hall in which they are inserted. The digital frames are accompanied by explanatory texts and plans that complete the information for each work.<\/p>\t\t\t\t\t\t<\/div>\n\t\t\t\t<\/div>\n\t\t\t\t\t<\/div>\n\t\t<\/div>\n\t\t\t\t\t<\/div>\n\t\t<\/section>\n\t\t\t\t<section data-particle_enable=\"false\" data-particle-mobile-disabled=\"false\" class=\"elementor-section elementor-top-section elementor-element elementor-element-3856b3d elementor-section-full_width elementor-section-height-default elementor-section-height-default wpr-particle-no wpr-jarallax-no wpr-parallax-no wpr-sticky-section-no\" data-id=\"3856b3d\" data-element_type=\"section\">\n\t\t\t\t\t\t<div class=\"elementor-container elementor-column-gap-default\">\n\t\t\t\t\t<div class=\"elementor-column elementor-col-100 elementor-top-column elementor-element elementor-element-ea3602c\" data-id=\"ea3602c\" data-element_type=\"column\">\n\t\t\t<div class=\"elementor-widget-wrap elementor-element-populated\">\n\t\t\t\t\t\t<div class=\"elementor-element elementor-element-ebec703 elementor-arrows-position-inside elementor-widget elementor-widget-image-carousel\" data-id=\"ebec703\" data-element_type=\"widget\" data-settings=\"{&quot;slides_to_show&quot;:&quot;1&quot;,&quot;navigation&quot;:&quot;arrows&quot;,&quot;autoplay&quot;:&quot;yes&quot;,&quot;pause_on_hover&quot;:&quot;yes&quot;,&quot;pause_on_interaction&quot;:&quot;yes&quot;,&quot;autoplay_speed&quot;:5000,&quot;infinite&quot;:&quot;yes&quot;,&quot;effect&quot;:&quot;slide&quot;,&quot;speed&quot;:500}\" data-widget_type=\"image-carousel.default\">\n\t\t\t\t<div class=\"elementor-widget-container\">\n\t\t\t\t\t<div class=\"elementor-image-carousel-wrapper swiper\" dir=\"ltr\">\n\t\t\t<div class=\"elementor-image-carousel swiper-wrapper\" aria-live=\"off\">\n\t\t\t\t\t\t\t\t<div class=\"swiper-slide\" role=\"group\" aria-roledescription=\"slide\" aria-label=\"1 de 5\"><figure class=\"swiper-slide-inner\"><img decoding=\"async\" class=\"swiper-slide-image\" src=\"https:\/\/www.lugadero.com\/wp-content\/uploads\/2024\/04\/Lugadero_3723N559W_02.jpeg\" alt=\"Lugadero_3723N559W_02\" \/><\/figure><\/div><div class=\"swiper-slide\" role=\"group\" aria-roledescription=\"slide\" aria-label=\"2 de 5\"><figure class=\"swiper-slide-inner\"><img decoding=\"async\" class=\"swiper-slide-image\" src=\"https:\/\/www.lugadero.com\/wp-content\/uploads\/2024\/04\/Lugadero_3723N559W_03.jpeg\" alt=\"Lugadero_3723N559W_03\" \/><\/figure><\/div><div class=\"swiper-slide\" role=\"group\" aria-roledescription=\"slide\" aria-label=\"3 de 5\"><figure class=\"swiper-slide-inner\"><img decoding=\"async\" class=\"swiper-slide-image\" src=\"https:\/\/www.lugadero.com\/wp-content\/uploads\/2024\/04\/Lugadero_3723N559W_04.jpeg\" alt=\"Lugadero_3723N559W_04\" \/><\/figure><\/div><div class=\"swiper-slide\" role=\"group\" aria-roledescription=\"slide\" aria-label=\"4 de 5\"><figure class=\"swiper-slide-inner\"><img decoding=\"async\" class=\"swiper-slide-image\" src=\"https:\/\/www.lugadero.com\/wp-content\/uploads\/2024\/04\/Lugadero_3723N559W_05.jpeg\" alt=\"Lugadero_3723N559W_05\" \/><\/figure><\/div><div class=\"swiper-slide\" role=\"group\" aria-roledescription=\"slide\" aria-label=\"5 de 5\"><figure class=\"swiper-slide-inner\"><img decoding=\"async\" class=\"swiper-slide-image\" src=\"https:\/\/www.lugadero.com\/wp-content\/uploads\/2024\/04\/Lugadero_3723N559W_06.jpeg\" alt=\"Lugadero_3723N559W_06\" \/><\/figure><\/div>\t\t\t<\/div>\n\t\t\t\t\t\t\t\t\t\t\t\t<div class=\"elementor-swiper-button elementor-swiper-button-prev\" role=\"button\" tabindex=\"0\">\n\t\t\t\t\t\t<i aria-hidden=\"true\" class=\"eicon-chevron-left\"><\/i>\t\t\t\t\t<\/div>\n\t\t\t\t\t<div class=\"elementor-swiper-button elementor-swiper-button-next\" role=\"button\" tabindex=\"0\">\n\t\t\t\t\t\t<i aria-hidden=\"true\" class=\"eicon-chevron-right\"><\/i>\t\t\t\t\t<\/div>\n\t\t\t\t\n\t\t\t\t\t\t\t\t\t<\/div>\n\t\t\t\t<\/div>\n\t\t\t\t<\/div>\n\t\t\t\t\t<\/div>\n\t\t<\/div>\n\t\t\t\t\t<\/div>\n\t\t<\/section>\n\t\t\t\t<section data-particle_enable=\"false\" data-particle-mobile-disabled=\"false\" class=\"elementor-section elementor-top-section elementor-element elementor-element-973fa89 elementor-section-full_width elementor-section-height-default elementor-section-height-default wpr-particle-no wpr-jarallax-no wpr-parallax-no wpr-sticky-section-no\" data-id=\"973fa89\" data-element_type=\"section\">\n\t\t\t\t\t\t<div class=\"elementor-container elementor-column-gap-default\">\n\t\t\t\t\t<div class=\"elementor-column elementor-col-50 elementor-top-column elementor-element elementor-element-0d2a510\" data-id=\"0d2a510\" data-element_type=\"column\">\n\t\t\t<div class=\"elementor-widget-wrap elementor-element-populated\">\n\t\t\t\t\t\t<div class=\"elementor-element elementor-element-625c112 elementor-widget__width-initial elementor-widget elementor-widget-text-editor\" data-id=\"625c112\" data-element_type=\"widget\" data-widget_type=\"text-editor.default\">\n\t\t\t\t<div class=\"elementor-widget-container\">\n\t\t\t\t\t\t\t<p><span style=\"letter-spacing: 0px;\">LUGADERO TEAM<br \/><\/span><b style=\"letter-spacing: 0px;\">Javier Mart\u00ednez<br \/><\/b><b style=\"letter-spacing: 0px;\">Marta Morera<br \/>Pablo Sendra<br \/>Eva Jim\u00e9nez<\/b><\/p>\t\t\t\t\t\t<\/div>\n\t\t\t\t<\/div>\n\t\t\t\t\t<\/div>\n\t\t<\/div>\n\t\t\t\t<div class=\"elementor-column elementor-col-50 elementor-top-column elementor-element elementor-element-1067ada\" data-id=\"1067ada\" data-element_type=\"column\">\n\t\t\t<div class=\"elementor-widget-wrap elementor-element-populated\">\n\t\t\t\t\t\t<div class=\"elementor-element elementor-element-4b7d43a elementor-widget__width-initial elementor-widget elementor-widget-text-editor\" data-id=\"4b7d43a\" data-element_type=\"widget\" data-widget_type=\"text-editor.default\">\n\t\t\t\t<div class=\"elementor-widget-container\">\n\t\t\t\t\t\t\t<p>Coauthors<br \/><span style=\"font-weight: bold;\">Lugadero<br \/>acc\u00e9sit\u00a0<br \/><\/span><span style=\"font-weight: bold;\"> pipo<br \/><\/span><\/p><p>Collaborators<br \/><span style=\"font-weight: bold;\">Digital Fabrication Innovation and Design Center<br \/><\/span><span style=\"letter-spacing: 0px; font-weight: bold;\">Higher Technical School of Architecture of Seville<br \/><\/span><span style=\"font-weight: bold;\">Cultural Initiatives Center of the University of Seville (CICUS)<br \/>Seville Institute of Culture and Arts (ICAS)<\/span><\/p><p>\u00a0<\/p>\t\t\t\t\t\t<\/div>\n\t\t\t\t<\/div>\n\t\t\t\t\t<\/div>\n\t\t<\/div>\n\t\t\t\t\t<\/div>\n\t\t<\/section>\n\t\t\t\t<section data-particle_enable=\"false\" data-particle-mobile-disabled=\"false\" class=\"elementor-section elementor-top-section elementor-element elementor-element-16ae496 elementor-section-full_width elementor-section-height-default elementor-section-height-default wpr-particle-no wpr-jarallax-no wpr-parallax-no wpr-sticky-section-no\" data-id=\"16ae496\" data-element_type=\"section\">\n\t\t\t\t\t\t<div class=\"elementor-container elementor-column-gap-default\">\n\t\t\t\t\t<div class=\"elementor-column elementor-col-100 elementor-top-column elementor-element elementor-element-9e899db\" data-id=\"9e899db\" data-element_type=\"column\">\n\t\t\t<div class=\"elementor-widget-wrap elementor-element-populated\">\n\t\t\t\t\t\t<section data-particle_enable=\"false\" data-particle-mobile-disabled=\"false\" class=\"elementor-section elementor-inner-section elementor-element elementor-element-20d61a0 elementor-section-full_width elementor-section-height-default elementor-section-height-default wpr-particle-no wpr-jarallax-no wpr-parallax-no wpr-sticky-section-no\" data-id=\"20d61a0\" data-element_type=\"section\">\n\t\t\t\t\t\t<div class=\"elementor-container elementor-column-gap-no\">\n\t\t\t\t\t<div class=\"elementor-column elementor-col-16 elementor-inner-column elementor-element elementor-element-97401c6\" data-id=\"97401c6\" data-element_type=\"column\">\n\t\t\t<div class=\"elementor-widget-wrap elementor-element-populated\">\n\t\t\t\t\t\t<div class=\"elementor-element elementor-element-3f1b548 elementor-widget elementor-widget-image\" data-id=\"3f1b548\" data-element_type=\"widget\" data-widget_type=\"image.default\">\n\t\t\t\t<div class=\"elementor-widget-container\">\n\t\t\t\t\t\t\t\t\t\t\t\t\t<img decoding=\"async\" width=\"800\" height=\"106\" src=\"https:\/\/www.lugadero.com\/wp-content\/uploads\/2021\/06\/lugadero-logo-1024x136.png\" class=\"attachment-large size-large wp-image-14\" alt=\"\" srcset=\"https:\/\/www.lugadero.com\/wp-content\/uploads\/2021\/06\/lugadero-logo-1024x136.png 1024w, https:\/\/www.lugadero.com\/wp-content\/uploads\/2021\/06\/lugadero-logo-300x40.png 300w, https:\/\/www.lugadero.com\/wp-content\/uploads\/2021\/06\/lugadero-logo-768x102.png 768w, https:\/\/www.lugadero.com\/wp-content\/uploads\/2021\/06\/lugadero-logo-1536x204.png 1536w, https:\/\/www.lugadero.com\/wp-content\/uploads\/2021\/06\/lugadero-logo-2048x273.png 2048w\" sizes=\"(max-width: 800px) 100vw, 800px\" \/>\t\t\t\t\t\t\t\t\t\t\t\t\t<\/div>\n\t\t\t\t<\/div>\n\t\t\t\t\t<\/div>\n\t\t<\/div>\n\t\t\t\t<div class=\"elementor-column elementor-col-16 elementor-inner-column elementor-element elementor-element-116a465\" data-id=\"116a465\" data-element_type=\"column\">\n\t\t\t<div class=\"elementor-widget-wrap\">\n\t\t\t\t\t\t\t<\/div>\n\t\t<\/div>\n\t\t\t\t<div class=\"elementor-column elementor-col-16 elementor-inner-column elementor-element elementor-element-03fb6c4\" data-id=\"03fb6c4\" data-element_type=\"column\">\n\t\t\t<div class=\"elementor-widget-wrap\">\n\t\t\t\t\t\t\t<\/div>\n\t\t<\/div>\n\t\t\t\t<div class=\"elementor-column elementor-col-16 elementor-inner-column elementor-element elementor-element-8c15abc\" data-id=\"8c15abc\" data-element_type=\"column\">\n\t\t\t<div class=\"elementor-widget-wrap elementor-element-populated\">\n\t\t\t\t\t\t<div class=\"elementor-element elementor-element-1fb3d28 elementor-widget__width-initial elementor-widget elementor-widget-text-editor\" data-id=\"1fb3d28\" data-element_type=\"widget\" data-widget_type=\"text-editor.default\">\n\t\t\t\t<div class=\"elementor-widget-container\">\n\t\t\t\t\t\t\t<p><strong>LONDON\u00a0<\/strong><br \/>+44 7530 425037<br \/>london@lugadero.com<\/p>\t\t\t\t\t\t<\/div>\n\t\t\t\t<\/div>\n\t\t\t\t\t<\/div>\n\t\t<\/div>\n\t\t\t\t<div class=\"elementor-column elementor-col-16 elementor-inner-column elementor-element elementor-element-3730233\" data-id=\"3730233\" data-element_type=\"column\">\n\t\t\t<div class=\"elementor-widget-wrap elementor-element-populated\">\n\t\t\t\t\t\t<div class=\"elementor-element elementor-element-e0ea9c3 elementor-widget__width-initial elementor-widget elementor-widget-text-editor\" data-id=\"e0ea9c3\" data-element_type=\"widget\" data-widget_type=\"text-editor.default\">\n\t\t\t\t<div class=\"elementor-widget-container\">\n\t\t\t\t\t\t\t<p><b>SEVILLA<\/b><br \/>+34 676 78 38 63<br \/>sevilla@lugadero.com<\/p>\t\t\t\t\t\t<\/div>\n\t\t\t\t<\/div>\n\t\t\t\t\t<\/div>\n\t\t<\/div>\n\t\t\t\t<div class=\"elementor-column elementor-col-16 elementor-inner-column elementor-element elementor-element-5cc8b32\" data-id=\"5cc8b32\" data-element_type=\"column\">\n\t\t\t<div class=\"elementor-widget-wrap elementor-element-populated\">\n\t\t\t\t\t\t<div class=\"elementor-element elementor-element-6d30fa2 elementor-widget__width-initial elementor-widget elementor-widget-text-editor\" data-id=\"6d30fa2\" data-element_type=\"widget\" data-widget_type=\"text-editor.default\">\n\t\t\t\t<div class=\"elementor-widget-container\">\n\t\t\t\t\t\t\t<p><span style=\"text-decoration: underline;\"><a href=\"https:\/\/www.instagram.com\/lugadero\/\" target=\"_blank\" rel=\"noopener\">Instagram<\/a><\/span><br \/><span style=\"text-decoration: underline;\"><a href=\"https:\/\/es.linkedin.com\/company\/lugadero\" target=\"_blank\" rel=\"noopener\"><span style=\"letter-spacing: 0px;\">Linkedin<\/span><\/a><\/span><\/p>\t\t\t\t\t\t<\/div>\n\t\t\t\t<\/div>\n\t\t\t\t\t<\/div>\n\t\t<\/div>\n\t\t\t\t\t<\/div>\n\t\t<\/section>\n\t\t\t\t\t<\/div>\n\t\t<\/div>\n\t\t\t\t\t<\/div>\n\t\t<\/section>\n\t\t\t\t<section data-particle_enable=\"false\" data-particle-mobile-disabled=\"false\" class=\"elementor-section elementor-top-section elementor-element elementor-element-7a0e4a4 elementor-section-full_width elementor-section-height-default elementor-section-height-default wpr-particle-no wpr-jarallax-no wpr-parallax-no wpr-sticky-section-no\" data-id=\"7a0e4a4\" data-element_type=\"section\">\n\t\t\t\t\t\t<div class=\"elementor-container elementor-column-gap-default\">\n\t\t\t\t\t<div class=\"elementor-column elementor-col-100 elementor-top-column elementor-element elementor-element-365fc0c\" data-id=\"365fc0c\" data-element_type=\"column\">\n\t\t\t<div class=\"elementor-widget-wrap elementor-element-populated\">\n\t\t\t\t\t\t<section data-particle_enable=\"false\" data-particle-mobile-disabled=\"false\" class=\"elementor-section elementor-inner-section elementor-element elementor-element-627ba05 elementor-section-full_width elementor-section-height-default elementor-section-height-default wpr-particle-no wpr-jarallax-no wpr-parallax-no wpr-sticky-section-no\" data-id=\"627ba05\" data-element_type=\"section\">\n\t\t\t\t\t\t<div class=\"elementor-container elementor-column-gap-no\">\n\t\t\t\t\t<div class=\"elementor-column elementor-col-33 elementor-inner-column elementor-element elementor-element-c34ca5e\" data-id=\"c34ca5e\" data-element_type=\"column\">\n\t\t\t<div class=\"elementor-widget-wrap\">\n\t\t\t\t\t\t\t<\/div>\n\t\t<\/div>\n\t\t\t\t<div class=\"elementor-column elementor-col-33 elementor-inner-column elementor-element elementor-element-e0f01bb\" data-id=\"e0f01bb\" data-element_type=\"column\">\n\t\t\t<div class=\"elementor-widget-wrap\">\n\t\t\t\t\t\t\t<\/div>\n\t\t<\/div>\n\t\t\t\t<div class=\"elementor-column elementor-col-33 elementor-inner-column elementor-element elementor-element-37736ed\" data-id=\"37736ed\" data-element_type=\"column\">\n\t\t\t<div class=\"elementor-widget-wrap elementor-element-populated\">\n\t\t\t\t\t\t<div class=\"elementor-element elementor-element-b99ac3f elementor-widget__width-initial elementor-widget elementor-widget-text-editor\" data-id=\"b99ac3f\" data-element_type=\"widget\" data-widget_type=\"text-editor.default\">\n\t\t\t\t<div class=\"elementor-widget-container\">\n\t\t\t\t\t\t\t<p><a href=\"http:\/\/www.lugadero.com\/es\/kit-digital\/\">M\u00e1s informaci\u00f3n Kit Digital<\/a><\/p>\t\t\t\t\t\t<\/div>\n\t\t\t\t<\/div>\n\t\t\t\t<div class=\"elementor-element elementor-element-380979c elementor-widget elementor-widget-image\" data-id=\"380979c\" data-element_type=\"widget\" data-widget_type=\"image.default\">\n\t\t\t\t<div class=\"elementor-widget-container\">\n\t\t\t\t\t\t\t\t\t\t\t\t\t<img loading=\"lazy\" decoding=\"async\" width=\"800\" height=\"46\" src=\"https:\/\/www.lugadero.com\/wp-content\/uploads\/2024\/03\/logo-kit-digital-1024x59.jpg\" class=\"attachment-large size-large wp-image-1223\" alt=\"\" srcset=\"https:\/\/www.lugadero.com\/wp-content\/uploads\/2024\/03\/logo-kit-digital-1024x59.jpg 1024w, https:\/\/www.lugadero.com\/wp-content\/uploads\/2024\/03\/logo-kit-digital-300x17.jpg 300w, https:\/\/www.lugadero.com\/wp-content\/uploads\/2024\/03\/logo-kit-digital-768x45.jpg 768w, https:\/\/www.lugadero.com\/wp-content\/uploads\/2024\/03\/logo-kit-digital-1536x89.jpg 1536w, https:\/\/www.lugadero.com\/wp-content\/uploads\/2024\/03\/logo-kit-digital.jpg 2000w\" sizes=\"(max-width: 800px) 100vw, 800px\" \/>\t\t\t\t\t\t\t\t\t\t\t\t\t<\/div>\n\t\t\t\t<\/div>\n\t\t\t\t\t<\/div>\n\t\t<\/div>\n\t\t\t\t\t<\/div>\n\t\t<\/section>\n\t\t\t\t\t<\/div>\n\t\t<\/div>\n\t\t\t\t\t<\/div>\n\t\t<\/section>\n\t\t\t\t<\/div>","protected":false},"excerpt":{"rendered":"<p>37\u00ba23N 5\u00ba59W Contemporary Seville Architecture\u00a0 2000-2010 A journey through the city of Seville during the first decade of the 21st century, through 121 works by the most influential national and international architects of contemporaneity. This exhibition showcases numerous examples of current architecture, from young local architects to those already established such as Guillermo V\u00e1zquez Consuegra, Cruz y Ortiz, MGM, or Santiago Cirugeda. It also highlights the presence of studios with proven international projection such as Miralles Tagliabue EMBT, Rafael de la Hoz, Nieto y Sobejano, El\u00edas Torres-Mart\u00ednez Lape\u00f1a, Juergen Mayer, Richard Rogers, or Zaha Hadid, among many others. Seville reappears on the scene after a long period of assimilation of architectural and infrastructural manifestations carried out on the occasion of the EXPO\u201992, through which the city was substantially transformed in its morphology and functioning as a metropolis. The first decade of the 21st century has been a period of paradigmatic projects of great significance and urban changes mainly related to mobility and public space.\u00a0 Seville has been a prolific stage for architecture over the last decade. This exhibition consists of the digital display of the works collected in the printed guide. Through digital frames, the buildings are described through different images and recordings of the same. These frames are inserted into wooden boxes, generated through digital fabrication, milled and screen-printed with lasers, which are organized forming hexagons until they colonize the exhibition hall in which they are inserted. The digital frames are accompanied by explanatory texts and plans that complete the information for each work. LUGADERO TEAMJavier Mart\u00ednezMarta MoreraPablo SendraEva Jim\u00e9nez CoauthorsLugaderoacc\u00e9sit\u00a0 pipo CollaboratorsDigital Fabrication Innovation and Design CenterHigher Technical School of Architecture of SevilleCultural Initiatives Center of the University of Seville (CICUS)Seville Institute of Culture and Arts (ICAS) \u00a0 LONDON\u00a0+44 7530 425037london@lugadero.com SEVILLA+34 676 78 38 63sevilla@lugadero.com InstagramLinkedin M\u00e1s informaci\u00f3n Kit Digital<\/p>","protected":false},"author":1,"featured_media":0,"parent":0,"menu_order":0,"comment_status":"closed","ping_status":"closed","template":"elementor_canvas","meta":{"footnotes":""},"class_list":["post-2221","page","type-page","status-publish","hentry"],"_links":{"self":[{"href":"https:\/\/www.lugadero.com\/es\/wp-json\/wp\/v2\/pages\/2221","targetHints":{"allow":["GET"]}}],"collection":[{"href":"https:\/\/www.lugadero.com\/es\/wp-json\/wp\/v2\/pages"}],"about":[{"href":"https:\/\/www.lugadero.com\/es\/wp-json\/wp\/v2\/types\/page"}],"author":[{"embeddable":true,"href":"https:\/\/www.lugadero.com\/es\/wp-json\/wp\/v2\/users\/1"}],"replies":[{"embeddable":true,"href":"https:\/\/www.lugadero.com\/es\/wp-json\/wp\/v2\/comments?post=2221"}],"version-history":[{"count":21,"href":"https:\/\/www.lugadero.com\/es\/wp-json\/wp\/v2\/pages\/2221\/revisions"}],"predecessor-version":[{"id":2251,"href":"https:\/\/www.lugadero.com\/es\/wp-json\/wp\/v2\/pages\/2221\/revisions\/2251"}],"wp:attachment":[{"href":"https:\/\/www.lugadero.com\/es\/wp-json\/wp\/v2\/media?parent=2221"}],"curies":[{"name":"wp","href":"https:\/\/api.w.org\/{rel}","templated":true}]}}